{"id":2059,"date":"2021-03-22T19:00:00","date_gmt":"2021-03-22T11:00:00","guid":{"rendered":"https:\/\/advplasmontech.com\/?post_type=product&#038;p=2059"},"modified":"2026-04-21T16:43:02","modified_gmt":"2026-04-21T08:43:02","slug":"au-nanostars","status":"publish","type":"product","link":"https:\/\/advplasmontech.com\/zh-hans\/product\/au-nanostars\/","title":{"rendered":"\u91d1\u7eb3\u7c73\u661f"},"content":{"rendered":"<h2 class=\"STYLE25\" align=\"center\">\u91d1\u7eb3\u7c73\u661f<\/h2>\n<p class=\"style1\">\u7531\u4e8e\u91d1\u7eb3\u7c73\u661f\u5177\u6709\u591a\u4e2a\u5c16\u7aef\u950b\u5229\u7684\u5206\u652f\uff0c\u56e0\u6b64\u8fd1\u5e74\u6765\u4eba\u4eec\u79ef\u6781\u7814\u7a76\u5c06\u5176\u5e94\u7528\u4e8e\u751f\u7269\u4f20\u611f\u548c\u7b49\u79bb\u5b50\u4f53\u589e\u5f3a\u5149\u8c31\u5b66\u9886\u57df\u3002<\/p>\n<p class=\"style1\"><noscript><img loading=\"lazy\" decoding=\"async\" class=\"aligncenter wp-image-7864\" src=\"https:\/\/advplasmontech.com\/wp-content\/uploads\/2021\/03\/au-nanostar-large-m-for-product.jpg\" alt width=\"600\" height=\"637\"><\/noscript><img loading=\"lazy\" decoding=\"async\" class=\"aligncenter wp-image-7864 lazyload\" src=\"data:image\/svg+xml,%3Csvg%20xmlns%3D%22http%3A%2F%2Fwww.w3.org%2F2000%2Fsvg%22%20viewBox%3D%220%200%20600%20637%22%3E%3C%2Fsvg%3E\" alt width=\"600\" height=\"637\" data-src=\"https:\/\/advplasmontech.com\/wp-content\/uploads\/2021\/03\/au-nanostar-large-m-for-product.jpg\"><\/p>\n<hr>\n<h2 class=\"style1\" style=\"text-align: center;\">\u91d1\u7eb3\u7c73\u661f<\/h2>\n<table style=\"height: 74px;\" border=\"1\" width=\"694\" cellspacing=\"0\" cellpadding=\"0\" align=\"center\">\n<tbody>\n<tr>\n<td class=\"STYLE61\" align=\"center\" valign=\"middle\" width=\"115\" height=\"19\">\u4ea7\u54c1\u4ee3\u53f7 #<\/td>\n<td class=\"STYLE59\" align=\"center\" valign=\"middle\" width=\"59\" height=\"19\">\u76f4\u5f84* (nm)<\/td>\n<td class=\"STYLE59\" align=\"center\" valign=\"middle\" width=\"63\">\u4f53\u79ef (mL)<\/td>\n<td class=\"STYLE67\" align=\"center\" valign=\"middle\" width=\"58\">\u8d28\u91cf\u6d53\u5ea6 (mg\/mL)<\/td>\n<td class=\"STYLE64\" align=\"center\" valign=\"middle\" width=\"52\">\u4ef7\u683c (\u4eba\u6c11\u5e01)<\/td>\n<\/tr>\n<tr>\n<td class=\"STYLE61\" align=\"center\" valign=\"middle\" height=\"17\">Nanostar-70<\/td>\n<td class=\"STYLE59\" align=\"center\" valign=\"middle\">71\u00b16<\/td>\n<td class=\"STYLE59\" align=\"center\" valign=\"middle\">10<\/td>\n<td class=\"STYLE67\" align=\"center\" valign=\"middle\">70<\/td>\n<td class=\"STYLE64\" align=\"center\" valign=\"middle\">848<\/td>\n<\/tr>\n<\/tbody>\n<\/table>\n<p style=\"text-align: center;\">*\u76f4\u5f84\uff1a\u91d1\u7eb3\u7c73\u661f\u9897\u7c92\u6838\u7684\u76f4\u5f84\u3002<\/p>\n<p>&nbsp;<\/p>\n<p class=\"style6\"><span style=\"color: #000000;\">\u5173\u4e8e\u91d1\u7eb3\u7c73\u661f\u7684\u7cbe\u9009\u53c2\u8003\u6587\u732e:<\/span><\/p>\n<p class=\"style7\">(1) L. Rodr\u00edguez-Lorenzo, R. de la Rica, R. A. \u00c1lvarez-Puebla, L. M. Liz-Marz\u00e1n, M. M. Stevens, Plasmonic Nanosensors with Inverse Sensitivity by Means of Enzyme-Guided Crystal Growth, <em>Nat. Mater.<\/em> 2012, <em>11<\/em>, 604.<\/p>\n<p class=\"style7\">(2) L. Shao, A. S. Susha, L. S. Cheung, T. K. Sau, A. L. Rogach, J. F. Wang, Plasmonic Properties of Single Multispiked Gold Nanostars: Correlating Modeling with Experiments, <em>Langmuir<\/em> 2012, <em>28<\/em>, 8979.<\/p>\n<p class=\"style7\">(3) T. K. Sau, A. L. Rogach, M. D\u00f6blinger, J. Feldmann, One-Step High-Yield Aqueous Synthesis of Size-Tunable Multispiked Gold Nanoparticles, <em>Small<\/em> 2011, <em>7<\/em>, 2188.<\/p>\n<p class=\"style7\">(4) C. Hrelescu, T. K. Sau, A. L. Rogach, F. J\u00e4ckel, G. Laurent, L. Douillard, F. Charra, Selective Excitation of Individual Plasmonic Hotspots at the Tips of Single Gold Nanostars, <em>Nano Lett.<\/em> 2011, <em>11<\/em>, 402.<\/p>\n<p class=\"style7\">(5) S. K. Dondapati, T. K. Sau, C. Hrelescu, T. A. Klar, F. D. Stefani, J. Feldmann, Label-Free Biosensing Based on Single Gold Nanostars as Plasmonic Transducers, <em>ACS Nano<\/em> 2010, <em>4<\/em>, 6318.<\/p>\n<p class=\"style7\">(6) E. S. Allgeyer, A. Pongan, M. Browne, M. D. Mason, Optical Signal Comparison of Single Fluorescent Molecules and Raman Active Gold Nanostars, <em>Nano Lett.<\/em> 2009, <em>9<\/em>, 3816.<\/p>\n<p class=\"style7\">(7) X. S. Kou, Z. H. Sun, Z. Yang, H. J. Chen, J. F. Wang, Curvature-Directed Assembly of Gold Nanocubes, Nanobranches, and Nanospheres, <em>Langmuir<\/em> 2009, <em>25<\/em>, 1692.<\/p>\n<p class=\"style7\">(8) L. Rodr\u00edguez-Lorenzo, R. A. \u00c1lvarez-Puebla, I. Pastoriza-Santos, S. Mazzucco, O. St\u00e9phan, M. Kociak, L. M. Liz-Marz\u00e1n, F. J. Garc\u00eda de Abajo, Zeptomol Detection through Controlled Ultrasensitive Surface-Enhanced Raman Scattering, <em>J. Am. Chem. Soc.<\/em> 2009, <em>131<\/em>, 4616.<\/p>\n<p class=\"style7\">(9) H.-G. Liao, Y.-X. Jiang, Z.-Y. Zhou, S.-P. Chen, S.-G. Sun, Shape-Controlled Synthesis of Gold Nanoparticles in Deep Eutectic Solvents for Studies of Structure\u2012Functionality Relationships in Electrocatalysis, <em>Angew. Chem. Int. Ed.<\/em> 2008, <em>47<\/em>, 9100.<\/p>\n<p class=\"style7\">(10) F. Hao, C L. Nehl, J. H. Hafner, P. Nordlander, Plasmon Resonances of a Gold Nanostar, <em>Nano Lett.<\/em> 2007, <em>7<\/em>, 729.<\/p>\n<p class=\"style7\">(11) C. L. Nehl, H. W. Liao, J. H. Hafner, Optical Properties of Star-Shaped Gold Nanoparticles, <em>Nano Lett.<\/em> 2006, <em>6<\/em>, 683.<\/p>\n","protected":false},"excerpt":{"rendered":"<p>Nanostar-70<\/p>\n","protected":false},"featured_media":1911,"comment_status":"closed","ping_status":"closed","template":"","meta":[],"class_list":["post-2059","product","type-product","status-publish","has-post-thumbnail","hentry"],"_links":{"self":[{"href":"https:\/\/advplasmontech.com\/zh-hans\/wp-json\/wp\/v2\/product\/2059","targetHints":{"allow":["GET"]}}],"collection":[{"href":"https:\/\/advplasmontech.com\/zh-hans\/wp-json\/wp\/v2\/product"}],"about":[{"href":"https:\/\/advplasmontech.com\/zh-hans\/wp-json\/wp\/v2\/types\/product"}],"replies":[{"embeddable":true,"href":"https:\/\/advplasmontech.com\/zh-hans\/wp-json\/wp\/v2\/comments?post=2059"}],"wp:featuredmedia":[{"embeddable":true,"href":"https:\/\/advplasmontech.com\/zh-hans\/wp-json\/wp\/v2\/media\/1911"}],"wp:attachment":[{"href":"https:\/\/advplasmontech.com\/zh-hans\/wp-json\/wp\/v2\/media?parent=2059"}],"curies":[{"name":"wp","href":"https:\/\/api.w.org\/{rel}","templated":true}]}}